{"id":17,"date":"2017-10-27T22:48:23","date_gmt":"2017-10-27T22:48:23","guid":{"rendered":"http:\/\/verde-ecologyconsultancy.com\/es\/?page_id=17"},"modified":"2020-10-03T15:01:42","modified_gmt":"2020-10-03T15:01:42","slug":"services","status":"publish","type":"page","link":"http:\/\/verde-ecologyconsultancy.com\/es\/services\/","title":{"rendered":"Que hacemos"},"content":{"rendered":"<div id=\"cs-content\" class=\"cs-content\"  ><div id=\"x-section-1\" class=\"x-section\" style=\"margin: 0px;padding: 0px 0px 0; background-color: transparent;\"  ><div class=\"x-container max width\" style=\"margin: 0px auto;padding: 0px;\"  ><div  class=\"x-column x-sm x-1-1\" style=\"padding: 0px;\" ><div class=\"x-text\"  ><p>Verde-Ecology Consultancy ofrece una gama de servicios ecol\u00f3gicos y bot\u00e1nicos. P\u00f3ngase en contacto con nosotros en cualquier momento para discutir sus necesidades.<\/p>\n<\/div><\/div><\/div><\/div><div id=\"x-section-2\" class=\"x-section\" style=\"margin: 0px;padding: 0px; background-color: transparent;\"  ><div class=\"x-container max width\" style=\"margin: 0px auto;padding: 0px;\"  ><div  class=\"x-column x-sm x-1-3\" style=\"padding: 0px;\" ><div  class=\"x-feature-box center-text top-text cf\" style=\" max-width: none;\" data-x-element=\"feature_box\" data-x-params=\"{&quot;child&quot;:false,&quot;graphicAnimation&quot;:&quot;none&quot;,&quot;graphicAnimationOffset&quot;:&quot;50&quot;,&quot;graphicAnimationDelay&quot;:&quot;0&quot;}\" ><div class=\"x-feature-box-graphic hexagon \"><div class=\"x-feature-box-graphic-outer hexagon\" style=\"\"><div class=\"x-feature-box-graphic-inner hexagon\" style=\"font-size: 240px; border-color: hsla(145, 63%, 49%, 0);\"><i class=\"x-icon-pagelines hexagon\" data-x-icon-b=\"&#xf18c;\"  style=\"margin: 0 auto; color: #ef8319; background-color: hsla(145, 63%, 49%, 0);\"><\/i><\/div><\/div><\/div><div class=\"x-feature-box-content \"><h4 class=\"x-feature-box-title\">Monitoreos biol\u00f3gicos, especialmente flora<\/h4><p class=\"x-feature-box-text\"> <a href=\"http:\/\/verde-ecologyconsultancy.com\/es\/services\/ecological-condition-assessment\/\" title=\"Condition assessments and common standard monitoring\">Condition assessments and common standard monitoring<\/a><\/p><\/div><\/div><\/div><div  class=\"x-column x-sm x-1-3\" style=\"padding: 0px;\" ><div  class=\"x-feature-box custom-feature-box center-text top-text cf\" style=\" max-width: none;\" data-x-element=\"feature_box\" data-x-params=\"{&quot;child&quot;:false,&quot;graphicAnimation&quot;:&quot;none&quot;,&quot;graphicAnimationOffset&quot;:&quot;50&quot;,&quot;graphicAnimationDelay&quot;:&quot;0&quot;}\" ><div class=\"x-feature-box-graphic hexagon \"><div class=\"x-feature-box-graphic-outer hexagon\" style=\"\"><div class=\"x-feature-box-graphic-inner hexagon\" style=\"font-size: 240px; border-color: hsla(145, 63%, 49%, 0);\"><i class=\"x-icon-clipboard hexagon\" data-x-icon-s=\"&#xf0ea;\"  style=\"margin: 0 auto; color: #ef8319; background-color: hsla(145, 63%, 49%, 0);\"><\/i><\/div><\/div><\/div><div class=\"x-feature-box-content \"><h4 class=\"x-feature-box-title\">Restauracion y estudios de base<\/h4><p class=\"x-feature-box-text\"> <a href=\"http:\/\/verde-ecologyconsultancy.com\/es\/services\/baseline-assessment\/\" title=\"Ecological impact assessments\">Ecological impact assessments<\/a><\/p><\/div><\/div><\/div><div  class=\"x-column x-sm x-1-3\" style=\"padding: 0px;\" ><div  class=\"x-feature-box center-text top-text cf\" style=\" max-width: none;\" data-x-element=\"feature_box\" data-x-params=\"{&quot;child&quot;:false,&quot;graphicAnimation&quot;:&quot;none&quot;,&quot;graphicAnimationOffset&quot;:&quot;50&quot;,&quot;graphicAnimationDelay&quot;:&quot;0&quot;}\" ><div class=\"x-feature-box-graphic hexagon \"><div class=\"x-feature-box-graphic-outer hexagon\" style=\"\"><div class=\"x-feature-box-graphic-inner hexagon\" style=\"font-size: 240px; border-color: hsla(145, 63%, 49%, 0);\"><i class=\"x-icon-chalkboard-teacher hexagon\" data-x-icon-s=\"&#xf51c;\"  style=\"margin: 0 auto; color: #ef8319; background-color: hsla(145, 63%, 49%, 0);\"><\/i><\/div><\/div><\/div><div class=\"x-feature-box-content \"><h4 class=\"x-feature-box-title\">Capacitacion y educacion en temas ambientales<\/h4><p class=\"x-feature-box-text\"> <a href=\"http:\/\/verde-ecologyconsultancy.com\/es\/services\/great-crested-newt-surveys\/\" title=\"Great crested newt surveys\">Great crested newt surveys<\/a><\/p><\/div><\/div><\/div><\/div><\/div><\/div>\n","protected":false},"excerpt":{"rendered":"<p>Verde-Ecology Consultancy ofrece una gama de servicios ecol\u00f3gicos y bot\u00e1nicos. P\u00f3ngase en contacto con nosotros en cualquier momento para discutir sus necesidades. Monitoreos biol\u00f3gicos, especialmente flora Condition assessments and common standard monitoringRestauracion y estudios de base Ecological impact assessmentsCapacitacion y educacion en temas ambientales Great crested newt surveys<\/p>\n","protected":false},"author":1,"featured_media":0,"parent":0,"menu_order":0,"comment_status":"closed","ping_status":"closed","template":"template-layout-full-width.php","meta":[],"_links":{"self":[{"href":"http:\/\/verde-ecologyconsultancy.com\/es\/wp-json\/wp\/v2\/pages\/17"}],"collection":[{"href":"http:\/\/verde-ecologyconsultancy.com\/es\/wp-json\/wp\/v2\/pages"}],"about":[{"href":"http:\/\/verde-ecologyconsultancy.com\/es\/wp-json\/wp\/v2\/types\/page"}],"author":[{"embeddable":true,"href":"http:\/\/verde-ecologyconsultancy.com\/es\/wp-json\/wp\/v2\/users\/1"}],"replies":[{"embeddable":true,"href":"http:\/\/verde-ecologyconsultancy.com\/es\/wp-json\/wp\/v2\/comments?post=17"}],"version-history":[{"count":29,"href":"http:\/\/verde-ecologyconsultancy.com\/es\/wp-json\/wp\/v2\/pages\/17\/revisions"}],"predecessor-version":[{"id":1381,"href":"http:\/\/verde-ecologyconsultancy.com\/es\/wp-json\/wp\/v2\/pages\/17\/revisions\/1381"}],"wp:attachment":[{"href":"http:\/\/verde-ecologyconsultancy.com\/es\/wp-json\/wp\/v2\/media?parent=17"}],"curies":[{"name":"wp","href":"https:\/\/api.w.org\/{rel}","templated":true}]}}