{"id":376,"date":"2019-09-23T00:42:12","date_gmt":"2019-09-23T00:42:12","guid":{"rendered":"http:\/\/verde-ecologyconsultancy.com\/es\/?page_id=376"},"modified":"2021-03-07T07:30:46","modified_gmt":"2021-03-07T07:30:46","slug":"the-milpa-cycle","status":"publish","type":"page","link":"https:\/\/verde-ecologyconsultancy.com\/es\/the-milpa-cycle\/","title":{"rendered":"El ciclo de la Milpa"},"content":{"rendered":"\n<figure class=\"wp-block-image size-large\"><img loading=\"lazy\" width=\"768\" height=\"1024\" src=\"http:\/\/verde-ecologyconsultancy.com\/es\/wp-content\/uploads\/2020\/05\/IMG-20200515-WA0020.jpg\" alt=\"\" class=\"wp-image-1178\" srcset=\"https:\/\/verde-ecologyconsultancy.com\/es\/wp-content\/uploads\/2020\/05\/IMG-20200515-WA0020.jpg 768w, https:\/\/verde-ecologyconsultancy.com\/es\/wp-content\/uploads\/2020\/05\/IMG-20200515-WA0020-225x300.jpg 225w, https:\/\/verde-ecologyconsultancy.com\/es\/wp-content\/uploads\/2020\/05\/IMG-20200515-WA0020-100x133.jpg 100w\" sizes=\"(max-width: 768px) 100vw, 768px\" \/><\/figure>\n\n\n\n<p class=\"has-luminous-vivid-amber-background-color has-background\"><strong>El proyecto Milpa Cycle tiene como objetivo crear conciencia sobre los diferentes sistemas de cultivos utilizados por los pueblos ind\u00edgenas en todo el mundo, en particular los antiguos y modernos mayas y c\u00f3mo utilizan el sistema Milpa en su vida diaria y c\u00f3mo se utilizan las pr\u00e1cticas de agrosilvicultura y permacultura en los bosques tropicales.<\/strong><\/p>\n\n\n\n<p>Nuestro objetivo es crear conciencia sobre las diferentes plantas utilizadas en el sistema Mipa y su asociaci\u00f3n con sistemas agroforestales tropicales, plantas como cacao, aguacate, banano y otros. Aprenderemos c\u00f3mo estas plantas juegan una gran parte de la vida diaria y, a veces, en el sistema de creencias de los mayas.<\/p>\n\n\n\n<p>El proyecto Milpa Cycle se conectar\u00e1 con otros sistemas agr\u00edcolas y agroforestales tradicionales utilizados en todo el mundo. Promoveremos el sistema Milpa a comunidades, estudiantes y universidades del Reino Unido y desarrollaremos v\u00ednculos y un programa de intercambio con universidades guatemaltecas.<\/p>\n\n\n\n<p><\/p>\n\n\n\n<p><\/p>\n\n\n\n<p>El Ciclo Milpa promueve el trabajo con la tierra y la comunidad de manera org\u00e1nica y natural para crecer de manera sustentable. P\u00f3ngase en contacto si desea obtener m\u00e1s informaci\u00f3n o si est\u00e1 interesado en establecer su propio sistema de milpa.<\/p>\n\n\n\n<p>Milpa es un sistema de cultivo utilizado en toda Mesoam\u00e9rica. La palabra milpa se deriva de la palabra n\u00e1huatl mil-pa, que se traduce como &#8220;campo cultivado&#8221;.<\/p>\n\n\n\n<p>Tradicionalmente hay tres cultivos principales que se cultivan dentro del ciclo de la milpa, ma\u00edz, calabaza y frijoles. El ma\u00edz proporciona carbohidratos a la comunidad, crece alto y requiere mucha luz solar y nitratos. Los frijoles pueden proporcionar los nitratos que tanto necesitan, usan los tallos del ma\u00edz como un caballete a medida que crecen juntos verticalmente. La calabaza est\u00e1 llena de nutrientes y es muy vers\u00e1til para cocinar, proporciona la cobertura del suelo dentro del sistema de milpa actuando como un supresor natural de malezas. En Guatemala, estos tres cultivos se conocen como &#8216;las tres hermanas&#8217;.<\/p>\n\n\n\n<h4>El sistema de milpa en las asignaciones de Chester-le-St<\/h4>\n\n\n\n<p>En 2019 probamos nuestra segunda plantaci\u00f3n de milpa. Utilizamos un ma\u00edz adaptado al clima del Reino Unido y lo sembramos en interiores a principios de abril.<\/p>\n\n\n\n<figure class=\"wp-block-image\"><img loading=\"lazy\" width=\"1024\" height=\"577\" src=\"http:\/\/verde-ecologyconsultancy.com\/es\/wp-content\/uploads\/2019\/09\/IMG-20190413-WA0001-1024x577.jpg\" alt=\"\" class=\"wp-image-390\" srcset=\"https:\/\/verde-ecologyconsultancy.com\/es\/wp-content\/uploads\/2019\/09\/IMG-20190413-WA0001-1024x577.jpg 1024w, https:\/\/verde-ecologyconsultancy.com\/es\/wp-content\/uploads\/2019\/09\/IMG-20190413-WA0001-300x169.jpg 300w, https:\/\/verde-ecologyconsultancy.com\/es\/wp-content\/uploads\/2019\/09\/IMG-20190413-WA0001-768x432.jpg 768w, https:\/\/verde-ecologyconsultancy.com\/es\/wp-content\/uploads\/2019\/09\/IMG-20190413-WA0001-100x56.jpg 100w, https:\/\/verde-ecologyconsultancy.com\/es\/wp-content\/uploads\/2019\/09\/IMG-20190413-WA0001-862x485.jpg 862w, https:\/\/verde-ecologyconsultancy.com\/es\/wp-content\/uploads\/2019\/09\/IMG-20190413-WA0001-1200x676.jpg 1200w, https:\/\/verde-ecologyconsultancy.com\/es\/wp-content\/uploads\/2019\/09\/IMG-20190413-WA0001.jpg 1600w\" sizes=\"(max-width: 1024px) 100vw, 1024px\" \/><figcaption>Se hacen filas en la tierra para el ciclo de la milpa.<\/figcaption><\/figure>\n\n\n\n<p><strong>26 de abril de 2019: <\/strong>Una vez que las plantas de ma\u00edz ten\u00edan 6-7 cm de altura, las trasplantamos al aire libre a 2-3 pies de distancia.  <\/p>\n\n\n\n<figure class=\"wp-block-image\"><img loading=\"lazy\" width=\"1024\" height=\"577\" src=\"http:\/\/verde-ecologyconsultancy.com\/es\/wp-content\/uploads\/2019\/09\/IMG-20190426-WA0001-1024x577.jpg\" alt=\"\" class=\"wp-image-395\" srcset=\"https:\/\/verde-ecologyconsultancy.com\/es\/wp-content\/uploads\/2019\/09\/IMG-20190426-WA0001-1024x577.jpg 1024w, https:\/\/verde-ecologyconsultancy.com\/es\/wp-content\/uploads\/2019\/09\/IMG-20190426-WA0001-300x169.jpg 300w, https:\/\/verde-ecologyconsultancy.com\/es\/wp-content\/uploads\/2019\/09\/IMG-20190426-WA0001-768x432.jpg 768w, https:\/\/verde-ecologyconsultancy.com\/es\/wp-content\/uploads\/2019\/09\/IMG-20190426-WA0001-100x56.jpg 100w, https:\/\/verde-ecologyconsultancy.com\/es\/wp-content\/uploads\/2019\/09\/IMG-20190426-WA0001-862x485.jpg 862w, https:\/\/verde-ecologyconsultancy.com\/es\/wp-content\/uploads\/2019\/09\/IMG-20190426-WA0001-1200x676.jpg 1200w, https:\/\/verde-ecologyconsultancy.com\/es\/wp-content\/uploads\/2019\/09\/IMG-20190426-WA0001.jpg 1600w\" sizes=\"(max-width: 1024px) 100vw, 1024px\" \/><\/figure>\n\n\n\n<p><strong>13 de mayo de 2019:<\/strong> El trasplante result\u00f3 ser demasiado temprano ya que tuvimos dos semanas de lluvia aparentemente constante. Si bien pudimos resucitar algunas plantas de semillero, muchas hab\u00edan perecido.<\/p>\n\n\n\n<figure class=\"wp-block-embed-youtube wp-block-embed is-type-video is-provider-youtube wp-embed-aspect-4-3 wp-has-aspect-ratio\"><div class=\"wp-block-embed__wrapper\">\n<div class=\"x-resp-embed\"><iframe title=\"Corn struggling from too much rain - The Milpa Cycle\" width=\"742\" height=\"557\" src=\"https:\/\/www.youtube.com\/embed\/e9BXp5Eihu0?feature=oembed\" frameborder=\"0\" allow=\"accelerometer; autoplay; clipboard-write; encrypted-media; gyroscope; picture-in-picture\" allowfullscreen><\/iframe><\/div>\n<\/div><\/figure>\n\n\n\n<p><strong>23 de mayo de 2019: <\/strong>El siguiente video muestra que el ma\u00edz se recuper\u00f3 de la lluvia. Tambi\u00e9n tenemos unos frijoles negros que empiezan a trepar y aplastarse.<\/p>\n\n\n\n<figure class=\"wp-block-embed-youtube wp-block-embed is-type-video is-provider-youtube wp-embed-aspect-16-9 wp-has-aspect-ratio\"><div class=\"wp-block-embed__wrapper\">\n<div class=\"x-resp-embed\"><iframe title=\"The early stages of the milpa system, corn, beans and squash - The milpa cycle\" width=\"742\" height=\"417\" src=\"https:\/\/www.youtube.com\/embed\/s0_NFEzmt9E?feature=oembed\" frameborder=\"0\" allow=\"accelerometer; autoplay; clipboard-write; encrypted-media; gyroscope; picture-in-picture\" allowfullscreen><\/iframe><\/div>\n<\/div><\/figure>\n\n\n\n<p><strong>1 de junio de 2019: <\/strong>el ma\u00edz plantado directamente en el suelo unas semanas antes comienza a germinar. El otro ma\u00edz, sembrado a principios de mayo, est\u00e1 recuperando su fuerza debido a la avalancha de lluvias. Tambi\u00e9n podemos ver c\u00f3mo las malas hierbas pueden dominar f\u00e1cilmente y competir por los nutrientes.<\/p>\n\n\n\n<figure class=\"wp-block-embed-youtube wp-block-embed is-type-video is-provider-youtube wp-embed-aspect-16-9 wp-has-aspect-ratio\"><div class=\"wp-block-embed__wrapper\">\n<div class=\"x-resp-embed\"><iframe title=\"The milpa system in June\" width=\"742\" height=\"417\" src=\"https:\/\/www.youtube.com\/embed\/0oxmnIWGDSY?feature=oembed\" frameborder=\"0\" allow=\"accelerometer; autoplay; clipboard-write; encrypted-media; gyroscope; picture-in-picture\" allowfullscreen><\/iframe><\/div>\n<\/div><\/figure>\n\n\n\n<p><strong>19 de julio de 2019: <\/strong>Un brote de crecimiento para el sistema milpa. La calabaza, el ma\u00edz y los frijoles crecen bien (al igual que las malas hierbas). Puede ver c\u00f3mo los frijoles llegan f\u00edsicamente al ma\u00edz y usan los tallos de ma\u00edz como un caballete. Parte del ma\u00edz ya est\u00e1 empezando a dar frutos.<\/p>\n\n\n\n<figure class=\"wp-block-embed-youtube wp-block-embed is-type-video is-provider-youtube wp-embed-aspect-16-9 wp-has-aspect-ratio\"><div class=\"wp-block-embed__wrapper\">\n<div class=\"x-resp-embed\"><iframe title=\"The milpa system in July\" width=\"742\" height=\"417\" src=\"https:\/\/www.youtube.com\/embed\/VD-wuu-xqfQ?feature=oembed\" frameborder=\"0\" allow=\"accelerometer; autoplay; clipboard-write; encrypted-media; gyroscope; picture-in-picture\" allowfullscreen><\/iframe><\/div>\n<\/div><\/figure>\n\n\n\n<p><strong>21 de septiembre de 2019: <\/strong>El sistema milpa ha demostrado ser un buen \u00e9xito y sigue creciendo. El ma\u00edz negro y el ma\u00edz dulce est\u00e1n creciendo bien y posiblemente se hayan h\u00edbrido. La calabaza est\u00e1 creciendo muy bien. Los frijoles est\u00e1n madurando y algunos est\u00e1n listos para cosechar.<\/p>\n\n\n\n<figure class=\"wp-block-embed-youtube wp-block-embed is-type-video is-provider-youtube wp-embed-aspect-4-3 wp-has-aspect-ratio wp-embed-aspect-16-9\"><div class=\"wp-block-embed__wrapper\">\n<div class=\"x-resp-embed\"><iframe title=\"The milpa system in September\" width=\"742\" height=\"417\" src=\"https:\/\/www.youtube.com\/embed\/h4_aZc_SIfY?feature=oembed\" frameborder=\"0\" allow=\"accelerometer; autoplay; clipboard-write; encrypted-media; gyroscope; picture-in-picture\" allowfullscreen><\/iframe><\/div>\n<\/div><\/figure>\n\n\n\n<figure class=\"wp-block-gallery columns-3 is-cropped\"><ul class=\"blocks-gallery-grid\"><li class=\"blocks-gallery-item\"><figure><img loading=\"lazy\" width=\"577\" height=\"1024\" src=\"http:\/\/verde-ecologyconsultancy.com\/es\/wp-content\/uploads\/2019\/09\/IMG_20190908_141506-577x1024.jpg\" alt=\"\" data-id=\"383\" data-link=\"http:\/\/verde-ecologyconsultancy.com\/es\/?attachment_id=383\" class=\"wp-image-383\" srcset=\"https:\/\/verde-ecologyconsultancy.com\/es\/wp-content\/uploads\/2019\/09\/IMG_20190908_141506-577x1024.jpg 577w, https:\/\/verde-ecologyconsultancy.com\/es\/wp-content\/uploads\/2019\/09\/IMG_20190908_141506-169x300.jpg 169w, https:\/\/verde-ecologyconsultancy.com\/es\/wp-content\/uploads\/2019\/09\/IMG_20190908_141506-768x1362.jpg 768w, https:\/\/verde-ecologyconsultancy.com\/es\/wp-content\/uploads\/2019\/09\/IMG_20190908_141506-100x177.jpg 100w, https:\/\/verde-ecologyconsultancy.com\/es\/wp-content\/uploads\/2019\/09\/IMG_20190908_141506-862x1529.jpg 862w, https:\/\/verde-ecologyconsultancy.com\/es\/wp-content\/uploads\/2019\/09\/IMG_20190908_141506-1200x2129.jpg 1200w, https:\/\/verde-ecologyconsultancy.com\/es\/wp-content\/uploads\/2019\/09\/IMG_20190908_141506.jpg 1840w\" sizes=\"(max-width: 577px) 100vw, 577px\" \/><\/figure><\/li><li class=\"blocks-gallery-item\"><figure><img loading=\"lazy\" width=\"577\" height=\"1024\" src=\"http:\/\/verde-ecologyconsultancy.com\/es\/wp-content\/uploads\/2019\/09\/IMG_20190908_141515-577x1024.jpg\" alt=\"\" data-id=\"384\" data-link=\"http:\/\/verde-ecologyconsultancy.com\/es\/?attachment_id=384\" class=\"wp-image-384\" srcset=\"https:\/\/verde-ecologyconsultancy.com\/es\/wp-content\/uploads\/2019\/09\/IMG_20190908_141515-577x1024.jpg 577w, https:\/\/verde-ecologyconsultancy.com\/es\/wp-content\/uploads\/2019\/09\/IMG_20190908_141515-169x300.jpg 169w, https:\/\/verde-ecologyconsultancy.com\/es\/wp-content\/uploads\/2019\/09\/IMG_20190908_141515-768x1362.jpg 768w, https:\/\/verde-ecologyconsultancy.com\/es\/wp-content\/uploads\/2019\/09\/IMG_20190908_141515-100x177.jpg 100w, https:\/\/verde-ecologyconsultancy.com\/es\/wp-content\/uploads\/2019\/09\/IMG_20190908_141515-862x1529.jpg 862w, https:\/\/verde-ecologyconsultancy.com\/es\/wp-content\/uploads\/2019\/09\/IMG_20190908_141515-1200x2129.jpg 1200w, https:\/\/verde-ecologyconsultancy.com\/es\/wp-content\/uploads\/2019\/09\/IMG_20190908_141515.jpg 1840w\" sizes=\"(max-width: 577px) 100vw, 577px\" \/><\/figure><\/li><li class=\"blocks-gallery-item\"><figure><img loading=\"lazy\" width=\"577\" height=\"1024\" src=\"http:\/\/verde-ecologyconsultancy.com\/es\/wp-content\/uploads\/2019\/09\/IMG_20190908_141518-577x1024.jpg\" alt=\"\" data-id=\"385\" data-link=\"http:\/\/verde-ecologyconsultancy.com\/es\/?attachment_id=385\" class=\"wp-image-385\" srcset=\"https:\/\/verde-ecologyconsultancy.com\/es\/wp-content\/uploads\/2019\/09\/IMG_20190908_141518-577x1024.jpg 577w, https:\/\/verde-ecologyconsultancy.com\/es\/wp-content\/uploads\/2019\/09\/IMG_20190908_141518-169x300.jpg 169w, https:\/\/verde-ecologyconsultancy.com\/es\/wp-content\/uploads\/2019\/09\/IMG_20190908_141518-768x1362.jpg 768w, https:\/\/verde-ecologyconsultancy.com\/es\/wp-content\/uploads\/2019\/09\/IMG_20190908_141518-100x177.jpg 100w, https:\/\/verde-ecologyconsultancy.com\/es\/wp-content\/uploads\/2019\/09\/IMG_20190908_141518-862x1529.jpg 862w, https:\/\/verde-ecologyconsultancy.com\/es\/wp-content\/uploads\/2019\/09\/IMG_20190908_141518-1200x2129.jpg 1200w, https:\/\/verde-ecologyconsultancy.com\/es\/wp-content\/uploads\/2019\/09\/IMG_20190908_141518.jpg 1840w\" sizes=\"(max-width: 577px) 100vw, 577px\" \/><\/figure><\/li><li class=\"blocks-gallery-item\"><figure><img loading=\"lazy\" width=\"577\" height=\"1024\" src=\"http:\/\/verde-ecologyconsultancy.com\/es\/wp-content\/uploads\/2019\/09\/IMG_20190908_141659-577x1024.jpg\" alt=\"\" data-id=\"386\" data-link=\"http:\/\/verde-ecologyconsultancy.com\/es\/?attachment_id=386\" class=\"wp-image-386\" srcset=\"https:\/\/verde-ecologyconsultancy.com\/es\/wp-content\/uploads\/2019\/09\/IMG_20190908_141659-577x1024.jpg 577w, https:\/\/verde-ecologyconsultancy.com\/es\/wp-content\/uploads\/2019\/09\/IMG_20190908_141659-169x300.jpg 169w, https:\/\/verde-ecologyconsultancy.com\/es\/wp-content\/uploads\/2019\/09\/IMG_20190908_141659-768x1362.jpg 768w, https:\/\/verde-ecologyconsultancy.com\/es\/wp-content\/uploads\/2019\/09\/IMG_20190908_141659-100x177.jpg 100w, https:\/\/verde-ecologyconsultancy.com\/es\/wp-content\/uploads\/2019\/09\/IMG_20190908_141659-862x1529.jpg 862w, https:\/\/verde-ecologyconsultancy.com\/es\/wp-content\/uploads\/2019\/09\/IMG_20190908_141659-1200x2129.jpg 1200w, https:\/\/verde-ecologyconsultancy.com\/es\/wp-content\/uploads\/2019\/09\/IMG_20190908_141659.jpg 1840w\" sizes=\"(max-width: 577px) 100vw, 577px\" \/><\/figure><\/li><li class=\"blocks-gallery-item\"><figure><img loading=\"lazy\" width=\"577\" height=\"1024\" src=\"http:\/\/verde-ecologyconsultancy.com\/es\/wp-content\/uploads\/2019\/09\/IMG_20190908_141726-577x1024.jpg\" alt=\"\" data-id=\"387\" data-link=\"http:\/\/verde-ecologyconsultancy.com\/es\/?attachment_id=387\" class=\"wp-image-387\" srcset=\"https:\/\/verde-ecologyconsultancy.com\/es\/wp-content\/uploads\/2019\/09\/IMG_20190908_141726-577x1024.jpg 577w, https:\/\/verde-ecologyconsultancy.com\/es\/wp-content\/uploads\/2019\/09\/IMG_20190908_141726-169x300.jpg 169w, https:\/\/verde-ecologyconsultancy.com\/es\/wp-content\/uploads\/2019\/09\/IMG_20190908_141726-768x1362.jpg 768w, https:\/\/verde-ecologyconsultancy.com\/es\/wp-content\/uploads\/2019\/09\/IMG_20190908_141726-100x177.jpg 100w, https:\/\/verde-ecologyconsultancy.com\/es\/wp-content\/uploads\/2019\/09\/IMG_20190908_141726-862x1529.jpg 862w, https:\/\/verde-ecologyconsultancy.com\/es\/wp-content\/uploads\/2019\/09\/IMG_20190908_141726-1200x2129.jpg 1200w, https:\/\/verde-ecologyconsultancy.com\/es\/wp-content\/uploads\/2019\/09\/IMG_20190908_141726.jpg 1840w\" sizes=\"(max-width: 577px) 100vw, 577px\" \/><\/figure><\/li><li class=\"blocks-gallery-item\"><figure><img loading=\"lazy\" width=\"577\" height=\"1024\" src=\"http:\/\/verde-ecologyconsultancy.com\/es\/wp-content\/uploads\/2019\/09\/IMG_20190908_141737-577x1024.jpg\" alt=\"\" data-id=\"388\" data-link=\"http:\/\/verde-ecologyconsultancy.com\/es\/?attachment_id=388\" class=\"wp-image-388\" srcset=\"https:\/\/verde-ecologyconsultancy.com\/es\/wp-content\/uploads\/2019\/09\/IMG_20190908_141737-577x1024.jpg 577w, https:\/\/verde-ecologyconsultancy.com\/es\/wp-content\/uploads\/2019\/09\/IMG_20190908_141737-169x300.jpg 169w, https:\/\/verde-ecologyconsultancy.com\/es\/wp-content\/uploads\/2019\/09\/IMG_20190908_141737-768x1362.jpg 768w, https:\/\/verde-ecologyconsultancy.com\/es\/wp-content\/uploads\/2019\/09\/IMG_20190908_141737-100x177.jpg 100w, https:\/\/verde-ecologyconsultancy.com\/es\/wp-content\/uploads\/2019\/09\/IMG_20190908_141737-862x1529.jpg 862w, https:\/\/verde-ecologyconsultancy.com\/es\/wp-content\/uploads\/2019\/09\/IMG_20190908_141737-1200x2129.jpg 1200w, https:\/\/verde-ecologyconsultancy.com\/es\/wp-content\/uploads\/2019\/09\/IMG_20190908_141737.jpg 1840w\" sizes=\"(max-width: 577px) 100vw, 577px\" \/><\/figure><\/li><li class=\"blocks-gallery-item\"><figure><img loading=\"lazy\" width=\"577\" height=\"1024\" src=\"http:\/\/verde-ecologyconsultancy.com\/es\/wp-content\/uploads\/2019\/09\/IMG_20190908_141747-577x1024.jpg\" alt=\"\" data-id=\"389\" data-link=\"http:\/\/verde-ecologyconsultancy.com\/es\/?attachment_id=389\" class=\"wp-image-389\" srcset=\"https:\/\/verde-ecologyconsultancy.com\/es\/wp-content\/uploads\/2019\/09\/IMG_20190908_141747-577x1024.jpg 577w, https:\/\/verde-ecologyconsultancy.com\/es\/wp-content\/uploads\/2019\/09\/IMG_20190908_141747-169x300.jpg 169w, https:\/\/verde-ecologyconsultancy.com\/es\/wp-content\/uploads\/2019\/09\/IMG_20190908_141747-768x1362.jpg 768w, https:\/\/verde-ecologyconsultancy.com\/es\/wp-content\/uploads\/2019\/09\/IMG_20190908_141747-100x177.jpg 100w, https:\/\/verde-ecologyconsultancy.com\/es\/wp-content\/uploads\/2019\/09\/IMG_20190908_141747-862x1529.jpg 862w, https:\/\/verde-ecologyconsultancy.com\/es\/wp-content\/uploads\/2019\/09\/IMG_20190908_141747-1200x2129.jpg 1200w, https:\/\/verde-ecologyconsultancy.com\/es\/wp-content\/uploads\/2019\/09\/IMG_20190908_141747.jpg 1840w\" sizes=\"(max-width: 577px) 100vw, 577px\" \/><\/figure><\/li><li class=\"blocks-gallery-item\"><figure><img loading=\"lazy\" width=\"1024\" height=\"577\" src=\"http:\/\/verde-ecologyconsultancy.com\/es\/wp-content\/uploads\/2019\/09\/IMG_20190921_154013-1024x577.jpg\" alt=\"\" data-id=\"391\" data-link=\"http:\/\/verde-ecologyconsultancy.com\/es\/?attachment_id=391\" class=\"wp-image-391\" srcset=\"https:\/\/verde-ecologyconsultancy.com\/es\/wp-content\/uploads\/2019\/09\/IMG_20190921_154013-1024x577.jpg 1024w, https:\/\/verde-ecologyconsultancy.com\/es\/wp-content\/uploads\/2019\/09\/IMG_20190921_154013-300x169.jpg 300w, https:\/\/verde-ecologyconsultancy.com\/es\/wp-content\/uploads\/2019\/09\/IMG_20190921_154013-768x433.jpg 768w, https:\/\/verde-ecologyconsultancy.com\/es\/wp-content\/uploads\/2019\/09\/IMG_20190921_154013-100x56.jpg 100w, https:\/\/verde-ecologyconsultancy.com\/es\/wp-content\/uploads\/2019\/09\/IMG_20190921_154013-862x486.jpg 862w, https:\/\/verde-ecologyconsultancy.com\/es\/wp-content\/uploads\/2019\/09\/IMG_20190921_154013-1200x676.jpg 1200w\" sizes=\"(max-width: 1024px) 100vw, 1024px\" \/><\/figure><\/li><li class=\"blocks-gallery-item\"><figure><img loading=\"lazy\" width=\"1024\" height=\"577\" src=\"http:\/\/verde-ecologyconsultancy.com\/es\/wp-content\/uploads\/2019\/09\/IMG_20190921_154030-1024x577.jpg\" alt=\"\" data-id=\"392\" data-link=\"http:\/\/verde-ecologyconsultancy.com\/es\/?attachment_id=392\" class=\"wp-image-392\" srcset=\"https:\/\/verde-ecologyconsultancy.com\/es\/wp-content\/uploads\/2019\/09\/IMG_20190921_154030-1024x577.jpg 1024w, https:\/\/verde-ecologyconsultancy.com\/es\/wp-content\/uploads\/2019\/09\/IMG_20190921_154030-300x169.jpg 300w, https:\/\/verde-ecologyconsultancy.com\/es\/wp-content\/uploads\/2019\/09\/IMG_20190921_154030-768x433.jpg 768w, https:\/\/verde-ecologyconsultancy.com\/es\/wp-content\/uploads\/2019\/09\/IMG_20190921_154030-100x56.jpg 100w, https:\/\/verde-ecologyconsultancy.com\/es\/wp-content\/uploads\/2019\/09\/IMG_20190921_154030-862x486.jpg 862w, https:\/\/verde-ecologyconsultancy.com\/es\/wp-content\/uploads\/2019\/09\/IMG_20190921_154030-1200x676.jpg 1200w\" sizes=\"(max-width: 1024px) 100vw, 1024px\" \/><\/figure><\/li><li class=\"blocks-gallery-item\"><figure><img loading=\"lazy\" width=\"1024\" height=\"577\" src=\"http:\/\/verde-ecologyconsultancy.com\/es\/wp-content\/uploads\/2019\/09\/IMG_20190921_154037-1024x577.jpg\" alt=\"\" data-id=\"393\" data-link=\"http:\/\/verde-ecologyconsultancy.com\/es\/?attachment_id=393\" class=\"wp-image-393\" srcset=\"https:\/\/verde-ecologyconsultancy.com\/es\/wp-content\/uploads\/2019\/09\/IMG_20190921_154037-1024x577.jpg 1024w, https:\/\/verde-ecologyconsultancy.com\/es\/wp-content\/uploads\/2019\/09\/IMG_20190921_154037-300x169.jpg 300w, https:\/\/verde-ecologyconsultancy.com\/es\/wp-content\/uploads\/2019\/09\/IMG_20190921_154037-768x433.jpg 768w, https:\/\/verde-ecologyconsultancy.com\/es\/wp-content\/uploads\/2019\/09\/IMG_20190921_154037-100x56.jpg 100w, https:\/\/verde-ecologyconsultancy.com\/es\/wp-content\/uploads\/2019\/09\/IMG_20190921_154037-862x486.jpg 862w, https:\/\/verde-ecologyconsultancy.com\/es\/wp-content\/uploads\/2019\/09\/IMG_20190921_154037-1200x676.jpg 1200w\" sizes=\"(max-width: 1024px) 100vw, 1024px\" \/><\/figure><\/li><li class=\"blocks-gallery-item\"><figure><img loading=\"lazy\" width=\"1024\" height=\"577\" src=\"http:\/\/verde-ecologyconsultancy.com\/es\/wp-content\/uploads\/2019\/09\/IMG_20190921_154040-1024x577.jpg\" alt=\"\" data-id=\"394\" data-link=\"http:\/\/verde-ecologyconsultancy.com\/es\/?attachment_id=394\" class=\"wp-image-394\" srcset=\"https:\/\/verde-ecologyconsultancy.com\/es\/wp-content\/uploads\/2019\/09\/IMG_20190921_154040-1024x577.jpg 1024w, https:\/\/verde-ecologyconsultancy.com\/es\/wp-content\/uploads\/2019\/09\/IMG_20190921_154040-300x169.jpg 300w, https:\/\/verde-ecologyconsultancy.com\/es\/wp-content\/uploads\/2019\/09\/IMG_20190921_154040-768x433.jpg 768w, https:\/\/verde-ecologyconsultancy.com\/es\/wp-content\/uploads\/2019\/09\/IMG_20190921_154040-100x56.jpg 100w, https:\/\/verde-ecologyconsultancy.com\/es\/wp-content\/uploads\/2019\/09\/IMG_20190921_154040-862x486.jpg 862w, https:\/\/verde-ecologyconsultancy.com\/es\/wp-content\/uploads\/2019\/09\/IMG_20190921_154040-1200x676.jpg 1200w\" sizes=\"(max-width: 1024px) 100vw, 1024px\" \/><\/figure><\/li><\/ul><\/figure>\n\n\n\n<h4>Mantente sintonizado para m\u00e1s<\/h4>\n\n\n\n<p>Actualizaremos esta p\u00e1gina a medida que avance el ciclo de la milpa. No olvide ponerse <a href=\"http:\/\/verde-ecologyconsultancy.com\/es\/contact\/\">en contacto<\/a> si desea establecer su propio sistema de milpa. Aseg\u00farese de que <a rel=\"noreferrer noopener\" href=\"https:\/\/www.facebook.com\/The-Milpa-Cycle-341006386573621\" target=\"_blank\">le guste nuestra p\u00e1gina en Facebook<\/a> para conocer los nuevos desarrollos.<\/p>\n","protected":false},"excerpt":{"rendered":"<p>El proyecto Milpa Cycle tiene como objetivo crear conciencia sobre los diferentes sistemas de cultivos utilizados por los pueblos ind\u00edgenas en todo el mundo, en particular los antiguos y modernos mayas y c\u00f3mo utilizan el sistema Milpa en su vida diaria y c\u00f3mo se utilizan las pr\u00e1cticas de agrosilvicultura y permacultura en los bosques tropicales. Nuestro objetivo es crear conciencia &#8230; <\/p>\n<div><a href=\"https:\/\/verde-ecologyconsultancy.com\/es\/the-milpa-cycle\/\" class=\"more-link\">Read More<\/a><\/div>\n","protected":false},"author":1,"featured_media":0,"parent":0,"menu_order":0,"comment_status":"closed","ping_status":"closed","template":"template-layout-full-width.php","meta":[],"_links":{"self":[{"href":"https:\/\/verde-ecologyconsultancy.com\/es\/wp-json\/wp\/v2\/pages\/376"}],"collection":[{"href":"https:\/\/verde-ecologyconsultancy.com\/es\/wp-json\/wp\/v2\/pages"}],"about":[{"href":"https:\/\/verde-ecologyconsultancy.com\/es\/wp-json\/wp\/v2\/types\/page"}],"author":[{"embeddable":true,"href":"https:\/\/verde-ecologyconsultancy.com\/es\/wp-json\/wp\/v2\/users\/1"}],"replies":[{"embeddable":true,"href":"https:\/\/verde-ecologyconsultancy.com\/es\/wp-json\/wp\/v2\/comments?post=376"}],"version-history":[{"count":10,"href":"https:\/\/verde-ecologyconsultancy.com\/es\/wp-json\/wp\/v2\/pages\/376\/revisions"}],"predecessor-version":[{"id":1404,"href":"https:\/\/verde-ecologyconsultancy.com\/es\/wp-json\/wp\/v2\/pages\/376\/revisions\/1404"}],"wp:attachment":[{"href":"https:\/\/verde-ecologyconsultancy.com\/es\/wp-json\/wp\/v2\/media?parent=376"}],"curies":[{"name":"wp","href":"https:\/\/api.w.org\/{rel}","templated":true}]}}