{"id":9,"date":"2017-10-27T22:43:01","date_gmt":"2017-10-27T22:43:01","guid":{"rendered":"http:\/\/verde-ecologyconsultancy.com\/es\/?page_id=9"},"modified":"2020-10-03T17:24:06","modified_gmt":"2020-10-03T17:24:06","slug":"home","status":"publish","type":"page","link":"https:\/\/verde-ecologyconsultancy.com\/es\/","title":{"rendered":"Home"},"content":{"rendered":"<div id=\"cs-content\" class=\"cs-content\"  >\n<div class=\"e9-1 x-section\" >\n      \n<div class=\"e9-2 x-row x-container max width\" >\n    <div class=\"x-row-inner\">\n<div class=\"e9-3 x-col\" >\n    \n\t\t\t<!-- START home REVOLUTION SLIDER 6.3.5 --><p class=\"rs-p-wp-fix\"><\/p>\n\t\t\t<rs-module-wrap id=\"rev_slider_2_1_wrapper\" data-source=\"gallery\" style=\"background:transparent;padding:0;margin:0px auto;margin-top:0;margin-bottom:0;\">\n\t\t\t\t<rs-module id=\"rev_slider_2_1\" style=\"\" data-version=\"6.3.5\">\n\t\t\t\t\t<rs-slides>\n\t\t\t\t\t\t<rs-slide data-key=\"rs-2\" data-title=\"Slide\" data-anim=\"ei:d;eo:d;s:600;r:0;t:fade;sl:d;\">\n\t\t\t\t\t\t\t<img src=\"\/\/verde-ecologyconsultancy.com\/es\/wp-content\/uploads\/2017\/10\/botany-walk-1-cliff-top-with-julia-quinonez-1-Custom.jpg\" title=\"botany-walk-1-cliff-top-with-julia-quinonez-1 (Custom)\" width=\"1400\" height=\"933\" class=\"rev-slidebg\" data-no-retina>\n<!--\n\t\t\t\t\t\t\t--><rs-layer\n\t\t\t\t\t\t\t\tid=\"slider-2-slide-2-layer-0\" \n\t\t\t\t\t\t\t\tdata-type=\"text\"\n\t\t\t\t\t\t\t\tdata-color=\"#000\"\n\t\t\t\t\t\t\t\tdata-rsp_ch=\"on\"\n\t\t\t\t\t\t\t\tdata-xy=\"x:c;y:23px;\"\n\t\t\t\t\t\t\t\tdata-text=\"w:normal;s:21;l:46;fw:500;a:center;\"\n\t\t\t\t\t\t\t\tdata-dim=\"w:866;\"\n\t\t\t\t\t\t\t\tdata-basealign=\"slide\"\n\t\t\t\t\t\t\t\tdata-frame_999=\"o:0;st:w;\"\n\t\t\t\t\t\t\t\tstyle=\"z-index:5;font-family:Raleway;\"\n\t\t\t\t\t\t\t>Bienvenido a nuestro sitio web de consultor\u00eda ecol\u00f3gica en Guatemala. Tambi\u00e9n operamos internacionalmente. <a href=\"https:\/\/verde-ecologyconsultancy.com\"><br \/>\nClick to proceed to our UK ecological consultancy website<\/a> \n\t\t\t\t\t\t\t<\/rs-layer><!--\n-->\t\t\t\t\t\t<\/rs-slide>\n\t\t\t\t\t<\/rs-slides>\n\t\t\t\t<\/rs-module>\n\t\t\t\t<script type=\"text\/javascript\">\n\t\t\t\t\tsetREVStartSize({c: 'rev_slider_2_1',rl:[1240,1024,778,480],el:[868],gw:[1240],gh:[868],type:'hero',justify:'',layout:'fullwidth',mh:\"0\"});\n\t\t\t\t\tvar\trevapi2,\n\t\t\t\t\t\ttpj;\n\t\t\t\t\tfunction revinit_revslider21() {\n\t\t\t\t\tjQuery(function() {\n\t\t\t\t\t\ttpj = jQuery;\n\t\t\t\t\t\trevapi2 = tpj(\"#rev_slider_2_1\");\n\t\t\t\t\t\tif(revapi2==undefined || revapi2.revolution == undefined){\n\t\t\t\t\t\t\trevslider_showDoubleJqueryError(\"rev_slider_2_1\");\n\t\t\t\t\t\t}else{\n\t\t\t\t\t\t\trevapi2.revolution({\n\t\t\t\t\t\t\t\tsliderType:\"hero\",\n\t\t\t\t\t\t\t\tsliderLayout:\"fullwidth\",\n\t\t\t\t\t\t\t\tvisibilityLevels:\"1240,1024,778,480\",\n\t\t\t\t\t\t\t\tgridwidth:1240,\n\t\t\t\t\t\t\t\tgridheight:868,\n\t\t\t\t\t\t\t\tspinner:\"spinner0\",\n\t\t\t\t\t\t\t\tperspective:600,\n\t\t\t\t\t\t\t\tperspectiveType:\"local\",\n\t\t\t\t\t\t\t\teditorheight:\"868,768,960,720\",\n\t\t\t\t\t\t\t\tresponsiveLevels:\"1240,1024,778,480\",\n\t\t\t\t\t\t\t\tprogressBar:{disableProgressBar:true},\n\t\t\t\t\t\t\t\tnavigation: {\n\t\t\t\t\t\t\t\t\tonHoverStop:false\n\t\t\t\t\t\t\t\t},\n\t\t\t\t\t\t\t\tfallbacks: {\n\t\t\t\t\t\t\t\t\tallowHTML5AutoPlayOnAndroid:true\n\t\t\t\t\t\t\t\t},\n\t\t\t\t\t\t\t});\n\t\t\t\t\t\t}\n\t\t\t\t\t\t\n\t\t\t\t\t});\n\t\t\t\t\t} \/\/ End of RevInitScript\n\t\t\t\tvar once_revslider21 = false;\n\t\t\t\tif (document.readyState === \"loading\") {document.addEventListener('readystatechange',function() { if((document.readyState === \"interactive\" || document.readyState === \"complete\") && !once_revslider21 ) { once_revslider21 = true; revinit_revslider21();}});} else {once_revslider21 = true; revinit_revslider21();}\n\t\t\t\t<\/script>\n\t\t\t<\/rs-module-wrap>\n\t\t\t<!-- END REVOLUTION SLIDER -->\n  <\/div>\n<\/div>\n  <\/div>\n    <\/div>\n<div id=\"x-section-1\" class=\"x-section cs-ta-center\" style=\"margin: 0px;padding: 0px; background-color: transparent;\"  ><div class=\"x-container max width\" style=\"margin: 0px auto;padding: 0px;\"  ><div  class=\"x-column x-sm x-1-1\" style=\"padding: 0px;\" ><h2  class=\"h-custom-headline h2\" ><span>Bienvenido a Verde-Ecology Consultancy<\/span><\/h2><h4  class=\"h-custom-headline h4\" ><span>Monitoreos biol\u00f3gicos, restauracion y estudios de base y capacitacion y educacion en temas ambientales<\/span><\/h4><div class=\"x-text\"  ><p>Nosotros somos una empresa consultora ecol\u00f3gica que se especializa en monitoreos de flora<br \/>\n(bot\u00e1nica) , estudios de base ecol\u00f3gicos, capacitaci\u00f3n y educaci\u00f3n en temas de ambiente y ecolog\u00eda.<\/p>\n<p>Verde-ecology Consultancy fue creada por Julia Qui\u00f1onez, que tambi\u00e9n trabaja paralelamente en el<br \/>\nReino Unido de Gran Breta\u00f1a.<\/p>\n<p>Julia es bi\u00f3loga y tiene mas de 30 a\u00f1os de experiencia trabajando en<br \/>\ntemas ambientales como consultora y proporcionando capacitaciones en temas de bot\u00e1nica,<br \/>\necolog\u00eda tanto en Guatemala como en Inglaterra.<\/p>\n<\/div><\/div><\/div><\/div><div id=\"x-section-2\" class=\"x-section\" style=\"margin: 0px;padding: 45px 0px; background-color: transparent;\"  ><div class=\"x-container max width\" style=\"margin: 0px auto;padding: 0px;\"  ><div  class=\"x-column x-sm x-1-3\" style=\"padding: 0px;\" ><div  class=\"x-feature-box center-text top-text cf\" style=\" max-width: none;\" data-x-element=\"feature_box\" data-x-params=\"{&quot;child&quot;:false,&quot;graphicAnimation&quot;:&quot;none&quot;,&quot;graphicAnimationOffset&quot;:&quot;50&quot;,&quot;graphicAnimationDelay&quot;:&quot;0&quot;}\" ><div class=\"x-feature-box-graphic circle \"><div class=\"x-feature-box-graphic-outer circle\" style=\"\"><div class=\"x-feature-box-graphic-inner circle\" style=\"font-size: 200px;\"><img class=\"circle\" src=\"http:\/\/verde-ecologyconsultancy.com\/es\/wp-content\/uploads\/2019\/09\/ecological-survey-pond.png\" style=\"margin: 0 auto;\"><\/div><\/div><\/div><div class=\"x-feature-box-content \"><h4 class=\"x-feature-box-title\">Monitoreos biol\u00f3gicos, especialmente flora<\/h4><p class=\"x-feature-box-text\">Realizamos estudios de h\u00e1bitat, ecol\u00f3gicos y m\u00e1s <a href=\"http:\/\/verde-ecologyconsultancy.com\/es\/services\/\" title=\"Surveys\">Surveys<\/a><\/p><\/div><\/div><\/div><div  class=\"x-column x-sm x-1-3\" style=\"padding: 0px;\" ><div  class=\"x-feature-box center-text top-text cf\" style=\" max-width: none;\" data-x-element=\"feature_box\" data-x-params=\"{&quot;child&quot;:false,&quot;graphicAnimation&quot;:&quot;none&quot;,&quot;graphicAnimationOffset&quot;:&quot;50&quot;,&quot;graphicAnimationDelay&quot;:&quot;0&quot;}\" ><div class=\"x-feature-box-graphic circle \"><div class=\"x-feature-box-graphic-outer circle\" style=\"\"><div class=\"x-feature-box-graphic-inner circle\" style=\"font-size: 200px;\"><img class=\"circle\" src=\"http:\/\/verde-ecologyconsultancy.com\/es\/wp-content\/uploads\/2019\/09\/ecological-training-course.png\" style=\"margin: 0 auto;\"><\/div><\/div><\/div><div class=\"x-feature-box-content \"><h4 class=\"x-feature-box-title\">Capacitacion y educacion en temas ambientales<\/h4><p class=\"x-feature-box-text\">Conoce m\u00e1s sobre nuestros cursos ecol\u00f3gicos. \u00danase a nosotros para la capacitaci\u00f3n en encuestas ecol\u00f3gicas, identificaci\u00f3n de plantas, identificaci\u00f3n de pastos y m\u00e1s <a href=\"http:\/\/verde-ecologyconsultancy.com\/es\/training\/\" title=\"training\">training<\/a><\/p><\/div><\/div><\/div><div  class=\"x-column x-sm x-1-3\" style=\"padding: 0px;\" ><div  class=\"x-feature-box center-text top-text cf\" style=\" max-width: none;\" data-x-element=\"feature_box\" data-x-params=\"{&quot;child&quot;:false,&quot;graphicAnimation&quot;:&quot;none&quot;,&quot;graphicAnimationOffset&quot;:&quot;50&quot;,&quot;graphicAnimationDelay&quot;:&quot;0&quot;}\" ><div class=\"x-feature-box-graphic circle \"><div class=\"x-feature-box-graphic-outer circle\" style=\"\"><div class=\"x-feature-box-graphic-inner circle\" style=\"font-size: 200px;\"><img class=\"circle\" src=\"http:\/\/verde-ecologyconsultancy.com\/es\/wp-content\/uploads\/2019\/09\/julia.png\" style=\"margin: 0 auto;\"><\/div><\/div><\/div><div class=\"x-feature-box-content \"><h4 class=\"x-feature-box-title\">Restauracion y estudios de base<\/h4><p class=\"x-feature-box-text\">Cont\u00e1ctenos hoy para una cotizaci\u00f3n gratis o para discutir sus necesidades de encuesta, capacitaci\u00f3n o consultor\u00eda ecol\u00f3gica. <a href=\"http:\/\/verde-ecologyconsultancy.com\/es\/contact\/\" title=\"Consultancy\">Consultancy<\/a><\/p><\/div><\/div><\/div><\/div><\/div><div id=\"x-section-3\" class=\"x-section bg-image parallax\" style=\"margin: 0px;padding: 300px 0px; background-image: url(http:\/\/verde-ecologyconsultancy.com\/es\/wp-content\/uploads\/2017\/10\/4704640-Custom.jpg); background-color: transparent;\"  data-x-element=\"section\" data-x-params=\"{&quot;type&quot;:&quot;image&quot;,&quot;parallax&quot;:true}\" ><div class=\"x-container max width\" style=\"margin: 0px auto;padding: 0px;\"  ><div  class=\"x-column x-sm x-1-1\" style=\"padding: 0px;\" >&nbsp;<\/div><\/div><\/div><div id=\"x-section-4\" class=\"x-section cs-ta-center\" style=\"margin: 0px;padding: 0px 0px 50px; background-color: transparent;\"  ><div class=\"x-container max width\" style=\"margin: 0px auto;padding: 0px;\"  ><div  class=\"x-column x-sm x-1-1\" style=\"padding: 0px;\" ><h2  class=\"h-custom-headline h2\" ><span>Estudios ecol\u00f3gicos y bot\u00e1nicos<\/span><\/h2><h4  class=\"h-custom-headline h4\" ><span>Estudios ecol\u00f3gicos y bot\u00e1nicos, estudios de h\u00e1bitat y evaluaciones de condiciones.<\/span><\/h4><div class=\"x-text\"  ><p>Verde-Ecology Consultancy realiza estudios ecol\u00f3gicos y estudios bot\u00e1nicos. Podemos coordinar y entregar la encuesta completa o podemos trabajar junto a usted para ayudarlo a completar su proyecto de topograf\u00eda ecol\u00f3gica a tiempo. Obtenga m\u00e1s informaci\u00f3n sobre los servicios que ofrecemos.<\/p>\n<\/div><a  class=\"x-btn x-btn-jumbo\"  href=\"http:\/\/verde-ecologyconsultancy.com\/es\/services\/\"     data-options=\"thumbnail: ''\">Conoce nuestros servicios de topograf\u00eda ecol\u00f3gica<\/a><\/div><\/div><\/div><div id=\"x-section-5\" class=\"x-section bg-image parallax\" style=\"margin: 0px;padding: 300px 0px; background-image: url(http:\/\/verde-ecologyconsultancy.com\/es\/wp-content\/uploads\/2017\/10\/ecological-training.jpg); background-color: transparent;\"  data-x-element=\"section\" data-x-params=\"{&quot;type&quot;:&quot;image&quot;,&quot;parallax&quot;:true}\" ><div class=\"x-container max width\" style=\"margin: 0px auto;padding: 0px;\"  ><div  class=\"x-column x-sm x-1-1\" style=\"padding: 0px;\" >&nbsp;<\/div><\/div><\/div><div id=\"x-section-6\" class=\"x-section cs-ta-center\" style=\"margin: 0px;padding: 0px 0px 50px; background-color: transparent;\"  ><div class=\"x-container max width\" style=\"margin: 0px auto;padding: 0px;\"  ><div  class=\"x-column x-sm x-1-1\" style=\"padding: 0px;\" ><h2  class=\"h-custom-headline h2\" ><span>Formaci\u00f3n, cursos y talleres ecol\u00f3gicos<\/span><\/h2><h4  class=\"h-custom-headline h4\" ><span>Entregando formaci\u00f3n ecol\u00f3gica de primera clase a expertos, profesionales, entusiastas y estudiantes.<\/span><\/h4><div class=\"x-text\"  ><p>Nuestros cursos de capacitaci\u00f3n est\u00e1n dise\u00f1ados para brindar la mejor capacitaci\u00f3n en diversos aspectos de la ecolog\u00eda y la conservaci\u00f3n, desde la identificaci\u00f3n de pastizales y t\u00e9cnicas de estudio hasta estudios de h\u00e1bitat para ec\u00f3logos de campo. Podemos ofrecer formaci\u00f3n que se adapte a sus necesidades, simplemente p\u00f3ngase en contacto y vea c\u00f3mo podemos trabajar juntos.<\/p>\n<\/div><a  class=\"x-btn x-btn-jumbo\"  href=\"http:\/\/verde-ecologyconsultancy.com\/es\/training\/\"     data-options=\"thumbnail: ''\">Formaci\u00f3n, cursos y talleres ecol\u00f3gicos<\/a><\/div><\/div><\/div><div id=\"x-section-7\" class=\"x-section bg-image parallax\" style=\"margin: 0px;padding: 300px 0px; background-image: url(http:\/\/verde-ecologyconsultancy.com\/es\/wp-content\/uploads\/2017\/10\/ecological-consultancy-pond.jpg); background-color: transparent;\"  data-x-element=\"section\" data-x-params=\"{&quot;type&quot;:&quot;image&quot;,&quot;parallax&quot;:true}\" ><div class=\"x-container max width\" style=\"margin: 0px auto;padding: 0px;\"  ><div  class=\"x-column x-sm x-1-1\" style=\"padding: 0px;\" >&nbsp;<\/div><\/div><\/div><div id=\"x-section-8\" class=\"x-section cs-ta-center\" style=\"margin: 0px;padding: 0px 0px 50px; background-color: transparent;\"  ><div class=\"x-container max width\" style=\"margin: 0px auto;padding: 0px;\"  ><div  class=\"x-column x-sm x-1-1\" style=\"padding: 0px;\" ><h2  class=\"h-custom-headline h2\" ><span>Servicios de consultor\u00eda ecol\u00f3gica<\/span><\/h2><h4  class=\"h-custom-headline h4\" ><span>Amplia gama de servicios de consultor\u00eda ecol\u00f3gica<\/span><\/h4><div class=\"x-text\"  ><p>Adem\u00e1s del trabajo de estudio ecol\u00f3gico y la capacitaci\u00f3n, tambi\u00e9n ofrecemos una gama completa de servicios de consultor\u00eda ecol\u00f3gica que incluyen evaluaci\u00f3n de impacto ecol\u00f3gico, evaluaci\u00f3n de regulaciones de h\u00e1bitats, planificaci\u00f3n de gesti\u00f3n de h\u00e1bitats, testigos expertos y m\u00e1s. P\u00f3ngase en contacto para ver c\u00f3mo podemos trabajar juntos hoy.<\/p>\n<\/div><a  class=\"x-btn x-btn-jumbo\"  href=\"http:\/\/verde-ecologyconsultancy.com\/es\/contact\/\"     data-options=\"thumbnail: ''\">Servicios de consultor\u00eda ecol\u00f3gica<\/a><\/div><\/div><\/div><div id=\"x-section-9\" class=\"x-section\" style=\"margin: 0px;padding: 0px; background-color: transparent;\"  ><div class=\"x-container\" style=\"margin: 0px auto;padding: 0px;\"  ><div  class=\"x-column x-sm x-1-1\" style=\"padding: 0px; background-color:hsl(39, 100%, 43%);\" ><a  class=\"x-creative-cta slide-top\" href=\"http:\/\/verde-ecologyconsultancy.com\/es\/contact\/\" style=\"padding: 25px 25px 25px 25px; color: #ffffff; background-color: hsl(39, 100%, 37%);\" data-x-element=\"creative_cta\" data-x-params=\"{&quot;animation&quot;:&quot; slide-top&quot;,&quot;bg_color&quot;:&quot;hsl(39, 100%, 37%)&quot;,&quot;bg_color_hover&quot;:&quot;hsl(39, 100%, 43%)&quot;}\" ><span class=\"text\" style=\"font-size: 36px;\">Cont\u00e1ctanos ahora<\/span><span class=\"graphic\"><i style=\"margin: 0; font-size: 48px;\" class=\"x-icon-envelope-open-o\" data-x-icon-o=\"&#xf2b6;\"><\/i><\/span><\/a><\/div><\/div><\/div><div id=\"x-section-10\" class=\"x-section\" style=\"margin: 0px;padding: 45px 0px;display: none; background-color: transparent;\"  ><div class=\"x-container max width\" style=\"margin: 0px auto;padding: 0px;\"  ><div  class=\"x-column x-sm x-1-3\" style=\"padding: 0px;\" ><h5  class=\"h-custom-headline h4\" ><span>Julia Qui\u00f1onez<\/span><\/h5><img  class=\"x-img x-img-circle\"  src=\"http:\/\/verde-ecologyconsultancy.com\/es\/wp-content\/uploads\/2017\/10\/julia-quinonez.jpg\" ><div class=\"x-text\"  ><p>Verde-Ecology Consultancy is operated by Julia Qui\u00f1onez, a leading ecologist with over 20 years of experience in delivering ecological surveys, training and consultancy services both internationally and within the North of England. <a href=\"http:\/\/verde-ecologyconsultancy.com\/es\/about\/\">Click to learn more.<\/a><\/p>\n<\/div><\/div><div  class=\"x-column x-sm x-1-3\" style=\"padding: 0px;\" ><h5  class=\"h-custom-headline h4\" ><span>Useful links<\/span><\/h5><div class=\"x-text\"  ><ul class=\"fa-ul\">\n<li><i class=\"fa fa-home\" style=\"color:orange;\"><\/i> <a href=\"http:\/\/verde-ecologyconsultancy.com\/es\">Home<\/a><\/li>\n<li><i class=\"fa fa-question-circle\" style=\"color:orange;\"><\/i> <a href=\"http:\/\/verde-ecologyconsultancy.com\/es\/about\/\">About<\/a><\/li>\n<li><i class=\"fa fa-check-circle\" style=\"color:orange;\"><\/i> <a href=\"http:\/\/verde-ecologyconsultancy.com\/es\/case-studies\/\">Case Studies<\/a><\/li>\n<li><i class=\"fa fa-comments\" style=\"color:orange;\"><\/i> <a href=\"http:\/\/verde-ecologyconsultancy.com\/es\/testimonials\/\">Testimonials<\/a><\/li>\n<li><i class=\"fa fa-list\" style=\"color:orange;\"><\/i> <a href=\"http:\/\/verde-ecologyconsultancy.com\/es\/services\/\">Services<\/a><\/li>\n<li><i class=\"fa fa-pagelines\" style=\"color:orange;\"><\/i> <a href=\"http:\/\/verde-ecologyconsultancy.com\/es\/services\/ecological-surveys\/\">Ecological surveys<\/a><\/li>\n<li><i class=\"fa fa-users\" style=\"color:orange;\"><\/i> <a href=\"http:\/\/verde-ecologyconsultancy.com\/es\/services\/ecological-training\/\">Ecological training<\/a><\/li>\n<li><i class=\"fa fa-smile-o\" style=\"color:orange;\"><\/i> <a href=\"http:\/\/verde-ecologyconsultancy.com\/es\/contact\/\">Contact<\/a><\/li>\n<\/ul>\n<\/div><\/div><div  class=\"x-column x-sm x-1-3\" style=\"padding: 0px;\" ><h5  class=\"h-custom-headline h4\" ><span>Contact us<\/span><\/h5><div class=\"x-text\"  ><p><strong>Verde-Ecology Consultancy<\/strong><br \/>\n7 Hallgarth Villas<br \/>\nSherburn<br \/>\nCounty Durham<br \/>\nDH6 1HF<\/p>\n<p><i  class=\"x-icon fa-1x x-icon-\" data-x-icon-s=\"&#xf00d;\" aria-hidden=\"true\"><\/i> 07875544635<br \/>\n<i  class=\"x-icon fa-1x x-icon-\" data-x-icon-s=\"&#xf00d;\" aria-hidden=\"true\"><\/i> juliageno@verde-ecologyconsultancy.com<\/p>\n<\/div><\/div><\/div><\/div><\/div>\n","protected":false},"excerpt":{"rendered":"<p>setREVStartSize({c: &#8216;rev_slider_1_1&#8242;,rl:[1240,1024,778,480],el:[868],gw:[1240],gh:[868],type:&#8217;hero&#8217;,justify:&#8221;,layout:&#8217;fullwidth&#8217;,mh:&#8221;0&#8243;}); var revapi1, tpj; jQuery(function() { tpj = jQuery; if(tpj(&#8220;#rev_slider_1_1&#8221;).revolution == undefined){ revslider_showDoubleJqueryError(&#8220;#rev_slider_1_1&#8221;); }else{ revapi1 = tpj(&#8220;#rev_slider_1_1&#8243;).show().revolution({ sliderType:&#8221;hero&#8221;, jsFileLocation:&#8221;\/\/verde-ecologyconsultancy.com\/es\/wp-content\/plugins\/revslider\/public\/assets\/js\/&#8221;, sliderLayout:&#8221;fullwidth&#8221;, visibilityLevels:&#8221;1240,1024,778,480&#8243;, gridwidth:1240, gridheight:868, spinner:&#8221;spinner0&#8243;, editorheight:&#8221;868,768,960,720&#8243;, responsiveLevels:&#8221;1240,1024,778,480&#8243;, disableProgressBar:&#8221;on&#8221;, navigation: { onHoverStop:false }, fallbacks: { allowHTML5AutoPlayOnAndroid:true }, }); } }); Bienvenido a Verde-Ecology ConsultancyMonitoreos biol\u00f3gicos, restauracion y estudios de base y capacitacion y educacion en temas ambientalesNosotros somos una empresa consultora &#8230; <\/p>\n<div><a href=\"https:\/\/verde-ecologyconsultancy.com\/es\/\" class=\"more-link\">Read More<\/a><\/div>\n","protected":false},"author":1,"featured_media":0,"parent":0,"menu_order":0,"comment_status":"closed","ping_status":"closed","template":"template-blank-4.php","meta":[],"_links":{"self":[{"href":"https:\/\/verde-ecologyconsultancy.com\/es\/wp-json\/wp\/v2\/pages\/9"}],"collection":[{"href":"https:\/\/verde-ecologyconsultancy.com\/es\/wp-json\/wp\/v2\/pages"}],"about":[{"href":"https:\/\/verde-ecologyconsultancy.com\/es\/wp-json\/wp\/v2\/types\/page"}],"author":[{"embeddable":true,"href":"https:\/\/verde-ecologyconsultancy.com\/es\/wp-json\/wp\/v2\/users\/1"}],"replies":[{"embeddable":true,"href":"https:\/\/verde-ecologyconsultancy.com\/es\/wp-json\/wp\/v2\/comments?post=9"}],"version-history":[{"count":41,"href":"https:\/\/verde-ecologyconsultancy.com\/es\/wp-json\/wp\/v2\/pages\/9\/revisions"}],"predecessor-version":[{"id":1394,"href":"https:\/\/verde-ecologyconsultancy.com\/es\/wp-json\/wp\/v2\/pages\/9\/revisions\/1394"}],"wp:attachment":[{"href":"https:\/\/verde-ecologyconsultancy.com\/es\/wp-json\/wp\/v2\/media?parent=9"}],"curies":[{"name":"wp","href":"https:\/\/api.w.org\/{rel}","templated":true}]}}